{"id":2347,"date":"2021-02-10T15:31:20","date_gmt":"2021-02-10T14:31:20","guid":{"rendered":"https:\/\/nntt.auria.org\/?page_id=2347"},"modified":"2021-02-10T15:31:20","modified_gmt":"2021-02-10T14:31:20","slug":"eye-harp","status":"publish","type":"page","link":"https:\/\/nntt.auria.org\/index.php\/eye-harp\/","title":{"rendered":"Eye Harp"},"content":{"rendered":"\n<div class=\"wp-block-media-text alignwide is-stacked-on-mobile\"><figure class=\"wp-block-media-text__media\"><a href=\"https:\/\/eyeharp.org\/es\/\"><img loading=\"lazy\" decoding=\"async\" width=\"780\" height=\"515\" src=\"https:\/\/nntt.auria.org\/wp-content\/uploads\/2021\/02\/eyeharp-780x515-1.jpg\" alt=\"\" class=\"wp-image-2349\" srcset=\"https:\/\/nntt.auria.org\/wp-content\/uploads\/2021\/02\/eyeharp-780x515-1.jpg 780w, https:\/\/nntt.auria.org\/wp-content\/uploads\/2021\/02\/eyeharp-780x515-1-600x396.jpg 600w, https:\/\/nntt.auria.org\/wp-content\/uploads\/2021\/02\/eyeharp-780x515-1-300x198.jpg 300w, https:\/\/nntt.auria.org\/wp-content\/uploads\/2021\/02\/eyeharp-780x515-1-768x507.jpg 768w\" sizes=\"auto, (max-width: 780px) 100vw, 780px\" \/><\/a><\/figure><div class=\"wp-block-media-text__content\">\n<p class=\"has-large-font-size\">EyeHarp \u00e9s un instrument musical dissenyat especialment per a persones amb dificultats de mobilitat. permet aprendre i tocar m\u00fasica a trav\u00e9s de la mirada o el cap.<\/p>\n\n\n\n<p class=\"has-large-font-size\">L&#8217;eina \u00e9s de pagament per\u00f2 ofereixen un versi\u00f3 de 30 dies de prova.<\/p>\n<\/div><\/div>\n","protected":false},"excerpt":{"rendered":"<p>EyeHarp \u00e9s un instrument musical dissenyat especialment per a persones amb dificultats de mobilitat. permet aprendre i tocar m\u00fasica a trav\u00e9s de la mirada o el cap. L&#8217;eina \u00e9s de pagament per\u00f2<a class=\"moretag\" href=\"https:\/\/nntt.auria.org\/index.php\/eye-harp\/\">Read More&#8230;<\/a><\/p>\n","protected":false},"author":1,"featured_media":0,"parent":0,"menu_order":0,"comment_status":"closed","ping_status":"closed","template":"","meta":{"footnotes":""},"class_list":["post-2347","page","type-page","status-publish","hentry"],"_links":{"self":[{"href":"https:\/\/nntt.auria.org\/index.php\/wp-json\/wp\/v2\/pages\/2347","targetHints":{"allow":["GET"]}}],"collection":[{"href":"https:\/\/nntt.auria.org\/index.php\/wp-json\/wp\/v2\/pages"}],"about":[{"href":"https:\/\/nntt.auria.org\/index.php\/wp-json\/wp\/v2\/types\/page"}],"author":[{"embeddable":true,"href":"https:\/\/nntt.auria.org\/index.php\/wp-json\/wp\/v2\/users\/1"}],"replies":[{"embeddable":true,"href":"https:\/\/nntt.auria.org\/index.php\/wp-json\/wp\/v2\/comments?post=2347"}],"version-history":[{"count":1,"href":"https:\/\/nntt.auria.org\/index.php\/wp-json\/wp\/v2\/pages\/2347\/revisions"}],"predecessor-version":[{"id":2350,"href":"https:\/\/nntt.auria.org\/index.php\/wp-json\/wp\/v2\/pages\/2347\/revisions\/2350"}],"wp:attachment":[{"href":"https:\/\/nntt.auria.org\/index.php\/wp-json\/wp\/v2\/media?parent=2347"}],"curies":[{"name":"wp","href":"https:\/\/api.w.org\/{rel}","templated":true}]}}