{"id":785,"date":"2020-09-22T16:21:42","date_gmt":"2020-09-22T16:21:42","guid":{"rendered":"https:\/\/nntt.auria.org\/?page_id=785"},"modified":"2020-10-16T17:57:18","modified_gmt":"2020-10-16T17:57:18","slug":"easy-sensory-game","status":"publish","type":"page","link":"https:\/\/nntt.auria.org\/index.php\/recursos\/jocs\/easy-sensory-game\/","title":{"rendered":"Easy Sensory Game"},"content":{"rendered":"\n<div class=\"wp-block-media-text alignwide is-stacked-on-mobile is-vertically-aligned-top\" style=\"grid-template-columns:37% auto\"><figure class=\"wp-block-media-text__media\"><a href=\"http:\/\/www.specialbites.com\/Easy-Sensory-Games-for-special-needs\/Selection-of-online-sensory-early-play-and-learning-switch-and-touchscreen-activities-games-for-special-needs-students-developing-fine-motor-skills.php\"><img loading=\"lazy\" decoding=\"async\" width=\"694\" height=\"515\" src=\"https:\/\/nntt.auria.org\/wp-content\/uploads\/2020\/09\/easy_sens.png\" alt=\"\" class=\"wp-image-786\" srcset=\"https:\/\/nntt.auria.org\/wp-content\/uploads\/2020\/09\/easy_sens.png 694w, https:\/\/nntt.auria.org\/wp-content\/uploads\/2020\/09\/easy_sens-600x445.png 600w, https:\/\/nntt.auria.org\/wp-content\/uploads\/2020\/09\/easy_sens-300x223.png 300w\" sizes=\"auto, (max-width: 694px) 100vw, 694px\" \/><\/a><\/figure><div class=\"wp-block-media-text__content\">\n<p>Joc molt senzill inclusiu i sensorial que ens permet treballar les habilitats de causa-efecte mitjan\u00e7ant polsador, una sola tecla, el ratol\u00ed o b\u00e9 un dispositiu t\u00e0ctil simulant focs artificials cada vegada que s&#8217;activa la causa-efecte.<\/p>\n\n\n\n<div class=\"wp-block-columns is-layout-flex wp-container-core-columns-is-layout-1 wp-block-columns-is-layout-flex\">\n<div class=\"wp-block-column is-layout-flow wp-block-column-is-layout-flow\">\n<figure class=\"wp-block-image size-large is-resized\"><img loading=\"lazy\" decoding=\"async\" src=\"https:\/\/nntt.auria.org\/wp-content\/uploads\/2020\/09\/switch_red.jpg\" alt=\"\" class=\"wp-image-845\" width=\"256\" height=\"136\" srcset=\"https:\/\/nntt.auria.org\/wp-content\/uploads\/2020\/09\/switch_red.jpg 1024w, https:\/\/nntt.auria.org\/wp-content\/uploads\/2020\/09\/switch_red-600x319.jpg 600w, https:\/\/nntt.auria.org\/wp-content\/uploads\/2020\/09\/switch_red-300x160.jpg 300w, https:\/\/nntt.auria.org\/wp-content\/uploads\/2020\/09\/switch_red-768x409.jpg 768w\" sizes=\"auto, (max-width: 256px) 100vw, 256px\" \/><\/figure>\n<\/div>\n\n\n\n<div class=\"wp-block-column is-layout-flow wp-block-column-is-layout-flow\">\n<figure class=\"wp-block-image size-large is-resized\"><img loading=\"lazy\" decoding=\"async\" src=\"https:\/\/nntt.auria.org\/wp-content\/uploads\/2020\/06\/space.png\" alt=\"\" class=\"wp-image-379\" width=\"170\" height=\"68\"\/><\/figure>\n\n\n\n<p><\/p>\n<\/div>\n<\/div>\n\n\n\n<div class=\"wp-block-columns is-layout-flex wp-container-core-columns-is-layout-2 wp-block-columns-is-layout-flex\">\n<div class=\"wp-block-column is-layout-flow wp-block-column-is-layout-flow\">\n<div class=\"wp-block-image\"><figure class=\"aligncenter size-large is-resized\"><img loading=\"lazy\" decoding=\"async\" src=\"https:\/\/nntt.auria.org\/wp-content\/uploads\/2020\/06\/mouse-1024x704.jpg\" alt=\"\" class=\"wp-image-395\" width=\"256\" height=\"176\" srcset=\"https:\/\/nntt.auria.org\/wp-content\/uploads\/2020\/06\/mouse-1024x704.jpg 1024w, https:\/\/nntt.auria.org\/wp-content\/uploads\/2020\/06\/mouse-600x413.jpg 600w, https:\/\/nntt.auria.org\/wp-content\/uploads\/2020\/06\/mouse-300x206.jpg 300w, https:\/\/nntt.auria.org\/wp-content\/uploads\/2020\/06\/mouse-768x528.jpg 768w, https:\/\/nntt.auria.org\/wp-content\/uploads\/2020\/06\/mouse.jpg 1291w\" sizes=\"auto, (max-width: 256px) 100vw, 256px\" \/><\/figure><\/div>\n<\/div>\n\n\n\n<div class=\"wp-block-column is-layout-flow wp-block-column-is-layout-flow\">\n<div class=\"wp-block-image\"><figure class=\"aligncenter size-large is-resized\"><img loading=\"lazy\" decoding=\"async\" src=\"https:\/\/nntt.auria.org\/wp-content\/uploads\/2020\/09\/tactil.png\" alt=\"\" class=\"wp-image-836\" width=\"275\" height=\"210\" srcset=\"https:\/\/nntt.auria.org\/wp-content\/uploads\/2020\/09\/tactil.png 550w, https:\/\/nntt.auria.org\/wp-content\/uploads\/2020\/09\/tactil-300x229.png 300w\" sizes=\"auto, (max-width: 275px) 100vw, 275px\" \/><\/figure><\/div>\n<\/div>\n<\/div>\n\n\n\n<p>Quan cliqueu a la imatge per anar al joc \u00fas redirigir\u00e0 a la seva p\u00e0gina web on trobareu diferents formats del joc, tots ells tenen el mateix funcionament explicat anteriorment, les difer\u00e8ncies recauen en els colors dels focs d&#8217;artifici.<\/p>\n<\/div><\/div>\n","protected":false},"excerpt":{"rendered":"","protected":false},"author":1,"featured_media":0,"parent":15,"menu_order":0,"comment_status":"closed","ping_status":"closed","template":"","meta":{"footnotes":""},"class_list":["post-785","page","type-page","status-publish","hentry"],"_links":{"self":[{"href":"https:\/\/nntt.auria.org\/index.php\/wp-json\/wp\/v2\/pages\/785","targetHints":{"allow":["GET"]}}],"collection":[{"href":"https:\/\/nntt.auria.org\/index.php\/wp-json\/wp\/v2\/pages"}],"about":[{"href":"https:\/\/nntt.auria.org\/index.php\/wp-json\/wp\/v2\/types\/page"}],"author":[{"embeddable":true,"href":"https:\/\/nntt.auria.org\/index.php\/wp-json\/wp\/v2\/users\/1"}],"replies":[{"embeddable":true,"href":"https:\/\/nntt.auria.org\/index.php\/wp-json\/wp\/v2\/comments?post=785"}],"version-history":[{"count":3,"href":"https:\/\/nntt.auria.org\/index.php\/wp-json\/wp\/v2\/pages\/785\/revisions"}],"predecessor-version":[{"id":1455,"href":"https:\/\/nntt.auria.org\/index.php\/wp-json\/wp\/v2\/pages\/785\/revisions\/1455"}],"up":[{"embeddable":true,"href":"https:\/\/nntt.auria.org\/index.php\/wp-json\/wp\/v2\/pages\/15"}],"wp:attachment":[{"href":"https:\/\/nntt.auria.org\/index.php\/wp-json\/wp\/v2\/media?parent=785"}],"curies":[{"name":"wp","href":"https:\/\/api.w.org\/{rel}","templated":true}]}}