{"id":821,"date":"2020-09-23T15:29:01","date_gmt":"2020-09-23T15:29:01","guid":{"rendered":"https:\/\/nntt.auria.org\/?page_id=821"},"modified":"2020-10-16T18:06:03","modified_gmt":"2020-10-16T18:06:03","slug":"puzzles-papunet","status":"publish","type":"page","link":"https:\/\/nntt.auria.org\/index.php\/recursos\/jocs\/puzzles-papunet\/","title":{"rendered":"Puzzles Papunet"},"content":{"rendered":"\n<div class=\"wp-block-media-text alignwide is-stacked-on-mobile is-vertically-aligned-top\" style=\"grid-template-columns:33% auto\"><figure class=\"wp-block-media-text__media\"><a href=\"https:\/\/papunet.net\/_pelit\/_palapelit\/palapeli2\/app.php?lang=en\"><img loading=\"lazy\" decoding=\"async\" width=\"1024\" height=\"741\" src=\"https:\/\/nntt.auria.org\/wp-content\/uploads\/2020\/09\/puzzle_papunet-1-1024x741.png\" alt=\"\" class=\"wp-image-822\" srcset=\"https:\/\/nntt.auria.org\/wp-content\/uploads\/2020\/09\/puzzle_papunet-1-1024x741.png 1024w, https:\/\/nntt.auria.org\/wp-content\/uploads\/2020\/09\/puzzle_papunet-1-600x434.png 600w, https:\/\/nntt.auria.org\/wp-content\/uploads\/2020\/09\/puzzle_papunet-1-300x217.png 300w, https:\/\/nntt.auria.org\/wp-content\/uploads\/2020\/09\/puzzle_papunet-1-768x556.png 768w, https:\/\/nntt.auria.org\/wp-content\/uploads\/2020\/09\/puzzle_papunet-1.png 1283w\" sizes=\"auto, (max-width: 1024px) 100vw, 1024px\" \/><\/a><\/figure><div class=\"wp-block-media-text__content\">\n<p>En aquest&nbsp;enlla\u00e7&nbsp;que us proporcionem trobareu diferents tem\u00e0tiques de&nbsp;puzles&nbsp;i diferents formats per tal d&#8217;escollir aquell que s&#8217;adapti m\u00e9s&nbsp;a l&#8217;usuari&nbsp;del moment.<\/p>\n\n\n\n<p>Per tal de completar el&nbsp;puzle&nbsp;l&#8217;usuari ha de fer clic a les peces i col\u00b7locar-les al seu lloc corresponent. No \u00e9s necessari mantenir el&nbsp;bot\u00f3&nbsp;del ratol\u00ed clicat per moure les peces. Per deixar anar les peces nom\u00e9s s&#8217;ha de tornar a fer clic.<\/p>\n\n\n\n<p>Nom\u00e9s \u00e9s necessari utilitzar el ratol\u00ed&nbsp;per a jugar-hi. Una&nbsp;altra alternativa&nbsp;\u00e9s utilitzar un dispositiu t\u00e0ctil i interaccionar amb els dits.<\/p>\n\n\n\n<div class=\"wp-block-columns is-layout-flex wp-container-core-columns-is-layout-9d6595d7 wp-block-columns-is-layout-flex\">\n<div class=\"wp-block-column is-layout-flow wp-block-column-is-layout-flow\">\n<div class=\"wp-block-image\"><figure class=\"aligncenter size-large is-resized\"><img loading=\"lazy\" decoding=\"async\" src=\"https:\/\/nntt.auria.org\/wp-content\/uploads\/2020\/06\/mouse-1024x704.jpg\" alt=\"\" class=\"wp-image-395\" width=\"256\" height=\"176\" srcset=\"https:\/\/nntt.auria.org\/wp-content\/uploads\/2020\/06\/mouse-1024x704.jpg 1024w, https:\/\/nntt.auria.org\/wp-content\/uploads\/2020\/06\/mouse-600x413.jpg 600w, https:\/\/nntt.auria.org\/wp-content\/uploads\/2020\/06\/mouse-300x206.jpg 300w, https:\/\/nntt.auria.org\/wp-content\/uploads\/2020\/06\/mouse-768x528.jpg 768w, https:\/\/nntt.auria.org\/wp-content\/uploads\/2020\/06\/mouse.jpg 1291w\" sizes=\"auto, (max-width: 256px) 100vw, 256px\" \/><\/figure><\/div>\n<\/div>\n\n\n\n<div class=\"wp-block-column is-layout-flow wp-block-column-is-layout-flow\">\n<div class=\"wp-block-image\"><figure class=\"aligncenter size-large is-resized\"><img loading=\"lazy\" decoding=\"async\" src=\"https:\/\/nntt.auria.org\/wp-content\/uploads\/2020\/09\/tactil.png\" alt=\"\" class=\"wp-image-836\" width=\"275\" height=\"210\" srcset=\"https:\/\/nntt.auria.org\/wp-content\/uploads\/2020\/09\/tactil.png 550w, https:\/\/nntt.auria.org\/wp-content\/uploads\/2020\/09\/tactil-300x229.png 300w\" sizes=\"auto, (max-width: 275px) 100vw, 275px\" \/><\/figure><\/div>\n<\/div>\n<\/div>\n\n\n\n<p>Podeu trobar m\u00e9s recursos de la gent de Papunet a la seva web, la trobareu a l&#8217;apartat d&#8217;<a href=\"https:\/\/nntt.auria.org\/index.php\/accessibilitat\/\" data-type=\"page\" data-id=\"23\">accessibilitat.<\/a><\/p>\n<\/div><\/div>\n","protected":false},"excerpt":{"rendered":"","protected":false},"author":1,"featured_media":0,"parent":15,"menu_order":0,"comment_status":"closed","ping_status":"closed","template":"","meta":{"footnotes":""},"class_list":["post-821","page","type-page","status-publish","hentry"],"_links":{"self":[{"href":"https:\/\/nntt.auria.org\/index.php\/wp-json\/wp\/v2\/pages\/821","targetHints":{"allow":["GET"]}}],"collection":[{"href":"https:\/\/nntt.auria.org\/index.php\/wp-json\/wp\/v2\/pages"}],"about":[{"href":"https:\/\/nntt.auria.org\/index.php\/wp-json\/wp\/v2\/types\/page"}],"author":[{"embeddable":true,"href":"https:\/\/nntt.auria.org\/index.php\/wp-json\/wp\/v2\/users\/1"}],"replies":[{"embeddable":true,"href":"https:\/\/nntt.auria.org\/index.php\/wp-json\/wp\/v2\/comments?post=821"}],"version-history":[{"count":5,"href":"https:\/\/nntt.auria.org\/index.php\/wp-json\/wp\/v2\/pages\/821\/revisions"}],"predecessor-version":[{"id":1463,"href":"https:\/\/nntt.auria.org\/index.php\/wp-json\/wp\/v2\/pages\/821\/revisions\/1463"}],"up":[{"embeddable":true,"href":"https:\/\/nntt.auria.org\/index.php\/wp-json\/wp\/v2\/pages\/15"}],"wp:attachment":[{"href":"https:\/\/nntt.auria.org\/index.php\/wp-json\/wp\/v2\/media?parent=821"}],"curies":[{"name":"wp","href":"https:\/\/api.w.org\/{rel}","templated":true}]}}