{"id":5228,"date":"2025-07-29T16:59:05","date_gmt":"2025-07-29T15:59:05","guid":{"rendered":"https:\/\/nntt.auria.org\/index.php\/producte\/joc-per-fer-formes-amb-gomes-de-pollastre\/"},"modified":"2025-09-05T12:52:35","modified_gmt":"2025-09-05T11:52:35","slug":"joc-avancat-per-fer-formes-amb-gomes-de-pollastre","status":"publish","type":"product","link":"https:\/\/nntt.auria.org\/index.php\/producte\/joc-avancat-per-fer-formes-amb-gomes-de-pollastre\/","title":{"rendered":"Joc avan\u00e7at per fer formes amb gomes de pollastre"},"content":{"rendered":"<p>Planxa de 16&#215;16 cm amb 49 punts sobresortits per a fer creacions amb gomes de pollastre. Des de Practicar lletres, formes geom\u00e8triques o composicions abstractes. Ajuda a treballar la coordinaci\u00f3 oculomanual i la concentraci\u00f3.<\/p>\n<p>Creat per \u00c0uria Fundaci\u00f3<\/p>\n","protected":false},"excerpt":{"rendered":"<p>Planxa de 16&#215;16 cm amb 49 punts sobresortits per a fer creacions amb gomes de pollastre. Des de Practicar lletres, formes geom\u00e8triques o composicions abstractes. Ajuda a treballar la coordinaci\u00f3 oculomanual i<a class=\"moretag\" href=\"https:\/\/nntt.auria.org\/index.php\/producte\/joc-avancat-per-fer-formes-amb-gomes-de-pollastre\/\">Read More&#8230;<\/a><\/p>\n","protected":false},"featured_media":5361,"template":"","meta":[],"product_brand":[],"product_cat":[402],"product_tag":[],"class_list":{"0":"post-5228","1":"product","2":"type-product","3":"status-publish","4":"has-post-thumbnail","6":"product_cat-productes-educatius","8":"first","9":"instock","10":"sold-individually","11":"shipping-taxable","12":"purchasable","13":"product-type-simple"},"_links":{"self":[{"href":"https:\/\/nntt.auria.org\/index.php\/wp-json\/wp\/v2\/product\/5228","targetHints":{"allow":["GET"]}}],"collection":[{"href":"https:\/\/nntt.auria.org\/index.php\/wp-json\/wp\/v2\/product"}],"about":[{"href":"https:\/\/nntt.auria.org\/index.php\/wp-json\/wp\/v2\/types\/product"}],"wp:featuredmedia":[{"embeddable":true,"href":"https:\/\/nntt.auria.org\/index.php\/wp-json\/wp\/v2\/media\/5361"}],"wp:attachment":[{"href":"https:\/\/nntt.auria.org\/index.php\/wp-json\/wp\/v2\/media?parent=5228"}],"wp:term":[{"taxonomy":"product_brand","embeddable":true,"href":"https:\/\/nntt.auria.org\/index.php\/wp-json\/wp\/v2\/product_brand?post=5228"},{"taxonomy":"product_cat","embeddable":true,"href":"https:\/\/nntt.auria.org\/index.php\/wp-json\/wp\/v2\/product_cat?post=5228"},{"taxonomy":"product_tag","embeddable":true,"href":"https:\/\/nntt.auria.org\/index.php\/wp-json\/wp\/v2\/product_tag?post=5228"}],"curies":[{"name":"wp","href":"https:\/\/api.w.org\/{rel}","templated":true}]}}