{"id":5254,"date":"2025-07-29T16:59:14","date_gmt":"2025-07-29T15:59:14","guid":{"rendered":"https:\/\/nntt.auria.org\/index.php\/producte\/emocionmetre\/"},"modified":"2025-09-05T08:58:04","modified_gmt":"2025-09-05T07:58:04","slug":"emocionometre","status":"publish","type":"product","link":"https:\/\/nntt.auria.org\/index.php\/producte\/emocionometre\/","title":{"rendered":"Emocion\u00f2metre"},"content":{"rendered":"<p>Placa amb tres icones que representen 3 estats d&#8217;\u00e0nim: Content, trist i enfadat.<\/p>\n<p>Disposa d&#8217;una fletxa m\u00f2bil que permet girar-la i assenyalar qualsevol dels tres estats d&#8217;\u00e0nim.<\/p>\n<p>La placa es pot enganxar a la porta o paret amb cinta de doble cara i utilitzar sense penjar.<\/p>\n<p>Creat per \u00c0uria Fundaci\u00f3<\/p>\n","protected":false},"excerpt":{"rendered":"<p>Placa amb tres icones que representen 3 estats d&#8217;\u00e0nim: Content, trist i enfadat. Disposa d&#8217;una fletxa m\u00f2bil que permet girar-la i assenyalar qualsevol dels tres estats d&#8217;\u00e0nim. La placa es pot enganxar<a class=\"moretag\" href=\"https:\/\/nntt.auria.org\/index.php\/producte\/emocionometre\/\">Read More&#8230;<\/a><\/p>\n","protected":false},"featured_media":5333,"template":"","meta":[],"product_brand":[],"product_cat":[403],"product_tag":[],"class_list":{"0":"post-5254","1":"product","2":"type-product","3":"status-publish","4":"has-post-thumbnail","6":"product_cat-vida-diria","8":"first","9":"instock","10":"sold-individually","11":"shipping-taxable","12":"purchasable","13":"product-type-simple"},"_links":{"self":[{"href":"https:\/\/nntt.auria.org\/index.php\/wp-json\/wp\/v2\/product\/5254","targetHints":{"allow":["GET"]}}],"collection":[{"href":"https:\/\/nntt.auria.org\/index.php\/wp-json\/wp\/v2\/product"}],"about":[{"href":"https:\/\/nntt.auria.org\/index.php\/wp-json\/wp\/v2\/types\/product"}],"wp:featuredmedia":[{"embeddable":true,"href":"https:\/\/nntt.auria.org\/index.php\/wp-json\/wp\/v2\/media\/5333"}],"wp:attachment":[{"href":"https:\/\/nntt.auria.org\/index.php\/wp-json\/wp\/v2\/media?parent=5254"}],"wp:term":[{"taxonomy":"product_brand","embeddable":true,"href":"https:\/\/nntt.auria.org\/index.php\/wp-json\/wp\/v2\/product_brand?post=5254"},{"taxonomy":"product_cat","embeddable":true,"href":"https:\/\/nntt.auria.org\/index.php\/wp-json\/wp\/v2\/product_cat?post=5254"},{"taxonomy":"product_tag","embeddable":true,"href":"https:\/\/nntt.auria.org\/index.php\/wp-json\/wp\/v2\/product_tag?post=5254"}],"curies":[{"name":"wp","href":"https:\/\/api.w.org\/{rel}","templated":true}]}}