{"id":5756,"date":"2026-02-27T10:50:56","date_gmt":"2026-02-27T09:50:56","guid":{"rendered":"https:\/\/nntt.auria.org\/?post_type=product&#038;p=5756"},"modified":"2026-02-27T10:51:58","modified_gmt":"2026-02-27T09:51:58","slug":"puzzle-de-telefon-antic","status":"publish","type":"product","link":"https:\/\/nntt.auria.org\/index.php\/producte\/puzzle-de-telefon-antic\/","title":{"rendered":"puzzle de tel\u00e8fon antic"},"content":{"rendered":"<p>Puzzle de 5 peces amb forma de tel\u00e8fon antic.<\/p>\n<p>\u00c9s molt senzill de fer. Tamb\u00e9 incorpora textura a la seva superficie (ratlles) per que les persones amb baixa visi\u00f3 puguin detectar amb el tacte si una pe\u00e7a est\u00e0 del dret o del rev\u00e9s o per combinar aquest puzzle amb un altre puzzle i poder discriminar a quin dels dos puzzles pertany la pe\u00e7a.<\/p>\n","protected":false},"excerpt":{"rendered":"<p>Puzzle de 5 peces amb forma de tel\u00e8fon antic. \u00c9s molt senzill de fer. Tamb\u00e9 incorpora textura a la seva superficie (ratlles) per que les persones amb baixa visi\u00f3 puguin detectar amb<a class=\"moretag\" href=\"https:\/\/nntt.auria.org\/index.php\/producte\/puzzle-de-telefon-antic\/\">Read More&#8230;<\/a><\/p>\n","protected":false},"featured_media":5757,"template":"","meta":[],"product_brand":[],"product_cat":[402],"product_tag":[],"class_list":{"0":"post-5756","1":"product","2":"type-product","3":"status-publish","4":"has-post-thumbnail","6":"product_cat-productes-educatius","8":"first","9":"instock","10":"sold-individually","11":"shipping-taxable","12":"purchasable","13":"product-type-simple"},"_links":{"self":[{"href":"https:\/\/nntt.auria.org\/index.php\/wp-json\/wp\/v2\/product\/5756","targetHints":{"allow":["GET"]}}],"collection":[{"href":"https:\/\/nntt.auria.org\/index.php\/wp-json\/wp\/v2\/product"}],"about":[{"href":"https:\/\/nntt.auria.org\/index.php\/wp-json\/wp\/v2\/types\/product"}],"wp:featuredmedia":[{"embeddable":true,"href":"https:\/\/nntt.auria.org\/index.php\/wp-json\/wp\/v2\/media\/5757"}],"wp:attachment":[{"href":"https:\/\/nntt.auria.org\/index.php\/wp-json\/wp\/v2\/media?parent=5756"}],"wp:term":[{"taxonomy":"product_brand","embeddable":true,"href":"https:\/\/nntt.auria.org\/index.php\/wp-json\/wp\/v2\/product_brand?post=5756"},{"taxonomy":"product_cat","embeddable":true,"href":"https:\/\/nntt.auria.org\/index.php\/wp-json\/wp\/v2\/product_cat?post=5756"},{"taxonomy":"product_tag","embeddable":true,"href":"https:\/\/nntt.auria.org\/index.php\/wp-json\/wp\/v2\/product_tag?post=5756"}],"curies":[{"name":"wp","href":"https:\/\/api.w.org\/{rel}","templated":true}]}}